{"id":81,"date":"2013-08-13T13:53:16","date_gmt":"2013-08-13T13:53:16","guid":{"rendered":"http:\/\/www.aps-weber.ch\/test\/?page_id=81"},"modified":"2013-12-04T16:50:46","modified_gmt":"2013-12-04T16:50:46","slug":"equipment","status":"publish","type":"page","link":"http:\/\/www.aps-weber.ch\/?page_id=81","title":{"rendered":"Equipment"},"content":{"rendered":"<ul>\n<li>Qualitativ hochstehendes Equipment f\u00fcr Aufnahmen vor Ort sowie im Studio<\/li>\n<li>Ebenfalls sehr gute Ausr\u00fcstung f\u00fcr kleine bis mittlere Beschallungen<\/li>\n<\/ul>\n","protected":false},"excerpt":{"rendered":"<p>Qualitativ hochstehendes Equipment f\u00fcr Aufnahmen vor Ort sowie im Studio Ebenfalls sehr gute Ausr\u00fcstung f\u00fcr kleine bis mittlere Beschallungen<\/p>\n","protected":false},"author":1,"featured_media":0,"parent":0,"menu_order":0,"comment_status":"closed","ping_status":"closed","template":"","meta":[],"_links":{"self":[{"href":"http:\/\/www.aps-weber.ch\/index.php?rest_route=\/wp\/v2\/pages\/81"}],"collection":[{"href":"http:\/\/www.aps-weber.ch\/index.php?rest_route=\/wp\/v2\/pages"}],"about":[{"href":"http:\/\/www.aps-weber.ch\/index.php?rest_route=\/wp\/v2\/types\/page"}],"author":[{"embeddable":true,"href":"http:\/\/www.aps-weber.ch\/index.php?rest_route=\/wp\/v2\/users\/1"}],"replies":[{"embeddable":true,"href":"http:\/\/www.aps-weber.ch\/index.php?rest_route=%2Fwp%2Fv2%2Fcomments&post=81"}],"version-history":[{"count":4,"href":"http:\/\/www.aps-weber.ch\/index.php?rest_route=\/wp\/v2\/pages\/81\/revisions"}],"predecessor-version":[{"id":263,"href":"http:\/\/www.aps-weber.ch\/index.php?rest_route=\/wp\/v2\/pages\/81\/revisions\/263"}],"wp:attachment":[{"href":"http:\/\/www.aps-weber.ch\/index.php?rest_route=%2Fwp%2Fv2%2Fmedia&parent=81"}],"curies":[{"name":"wp","href":"https:\/\/api.w.org\/{rel}","templated":true}]}}